{"id":34,"date":"2022-09-15T12:16:35","date_gmt":"2022-09-15T10:16:35","guid":{"rendered":"http:\/\/veezione-photography.com\/index.php\/teluro\/"},"modified":"2022-11-26T14:48:34","modified_gmt":"2022-11-26T13:48:34","slug":"accueil","status":"publish","type":"page","link":"https:\/\/veezione-photography.com\/","title":{"rendered":"Accueil"},"content":{"rendered":"<div data-colibri-id=\"34-c1\" class=\"style-191 style-local-34-c1 position-relative\">\n  <!---->\n  <div data-colibri-component=\"section\" data-colibri-id=\"34-c2\" id=\"about\" class=\"h-section h-section-global-spacing d-flex align-items-lg-center align-items-md-center align-items-center style-200 style-local-34-c2 position-relative\">\n    <!---->\n    <!---->\n    <div class=\"h-section-grid-container h-section-boxed-container\">\n      <!---->\n      <div data-colibri-id=\"34-c3\" class=\"h-row-container gutters-row-lg-2 gutters-row-md-2 gutters-row-2 gutters-row-v-lg-2 gutters-row-v-md-2 gutters-row-v-2 style-201 style-local-34-c3 position-relative\">\n        <!---->\n        <div class=\"h-row justify-content-lg-center justify-content-md-center justify-content-center align-items-lg-stretch align-items-md-stretch align-items-stretch gutters-col-lg-2 gutters-col-md-2 gutters-col-2 gutters-col-v-lg-2 gutters-col-v-md-2 gutters-col-v-2\">\n          <!---->\n          <div class=\"h-column h-column-container d-flex h-col-lg-auto h-col-md-auto h-col-auto style-202-outer style-local-34-c4-outer\">\n            <div data-colibri-id=\"34-c4\" class=\"d-flex h-flex-basis h-column__inner h-px-lg-0 h-px-md-0 h-px-2 v-inner-lg-0 v-inner-md-0 v-inner-2 style-202 style-local-34-c4 position-relative\">\n              <!---->\n              <!---->\n              <div class=\"w-100 h-y-container h-column__content h-column__v-align flex-basis-100 align-self-lg-center align-self-md-center align-self-center\">\n                <!---->\n                <div data-colibri-id=\"34-c5\" class=\"h-global-transition-all h-heading style-203 style-local-34-c5 position-relative h-element\">\n                  <!---->\n                  <div class=\"h-heading__outer style-203 style-local-34-c5\">\n                    <!---->\n                    <!---->\n                    <h6 class=\"\">Qui suis-je ?<\/h6>\n                  <\/div>\n                <\/div>\n                <div data-colibri-id=\"34-c6\" class=\"h-global-transition-all h-heading style-204 style-local-34-c6 position-relative h-element\">\n                  <!---->\n                  <div class=\"h-heading__outer style-204 style-local-34-c6\">\n                    <!---->\n                    <!---->\n                    <h2 class=\"\">Un motard passionn\u00e9<\/h2>\n                  <\/div>\n                <\/div>\n                <div data-colibri-id=\"34-c7\" class=\"h-text h-text-component style-205 style-local-34-c7 position-relative h-element\">\n                  <!---->\n                  <!---->\n                  <div class=\"\">\n                    <p>La moto&#8230; la regarder&#8230; m&rsquo;a pouss\u00e9 \u00e0 faire d&rsquo;un hobby une profession. Un jour, je me suis dit \u00ab\u00a0ce serait parfait d&rsquo;avoir de belles photos de ma moto\u00a0\u00bb.<\/p>\n                    <p>J&rsquo;ai toujours aim\u00e9 prendre des photos de personnes, de paysages ou m\u00eame d&rsquo;objets anodins. J&rsquo;ai l&rsquo;oeil pour admirer la beaut\u00e9 des \u00e9v\u00e8nements.<\/p>\n                    <p>En 2021, j&rsquo;ai d\u00e9cid\u00e9 d&rsquo;investir dans du mat\u00e9riel et j&rsquo;ai eu \u00e9norm\u00e9ment de retours positifs sur les photos effectu\u00e9es. Alors, j&rsquo;ai d\u00e9cid\u00e9 de me lancer et faire profiter de mon point de vue toute personne le souhaitant.<\/p>\n                    <p>Mes objectifs sont simples : passer un bon moment et capturer l&rsquo;instant afin d&rsquo;obtenir des photos vivantes et laisser mon empreinte.<\/p>\n                  <\/div>\n                <\/div>\n              <\/div>\n            <\/div>\n          <\/div>\n          <div class=\"h-column h-column-container d-flex h-col-lg-auto h-col-md-auto h-col-auto style-208-outer style-local-34-c8-outer\">\n            <div data-colibri-id=\"34-c8\" class=\"d-flex h-flex-basis h-column__inner h-px-lg-0 h-px-md-0 h-px-2 v-inner-lg-0 v-inner-md-0 v-inner-2 style-208 style-local-34-c8 position-relative\">\n              <!---->\n              <!---->\n              <div class=\"w-100 h-y-container h-column__content h-column__v-align flex-basis-100 align-self-lg-center align-self-md-center align-self-center\">\n                <!---->\n                <div data-colibri-id=\"34-c9\" class=\"d-block style-209 style-local-34-c9 position-relative h-element\">\n                  <!---->\n                  <div class=\"h-image__frame-container-outer\">\n                    <div class=\"h-image__frame-container\">\n                      <!---->\n                      <!---->\n                      <img loading=\"lazy\" decoding=\"async\" width=\"2560\" height=\"1985\" src=\"http:\/\/veezione-photography.com\/wp-content\/uploads\/2022\/09\/2022-07-24_jn_baden_007_\u00a9veezione-scaled.jpg\" class=\"wp-image-222 style-209-image style-local-34-c9-image\" alt=\"\" srcset=\"https:\/\/veezione-photography.com\/wp-content\/uploads\/2022\/09\/2022-07-24_jn_baden_007_\u00a9veezione-scaled.jpg 2560w, https:\/\/veezione-photography.com\/wp-content\/uploads\/2022\/09\/2022-07-24_jn_baden_007_\u00a9veezione-300x233.jpg 300w, https:\/\/veezione-photography.com\/wp-content\/uploads\/2022\/09\/2022-07-24_jn_baden_007_\u00a9veezione-1024x794.jpg 1024w, https:\/\/veezione-photography.com\/wp-content\/uploads\/2022\/09\/2022-07-24_jn_baden_007_\u00a9veezione-768x595.jpg 768w, https:\/\/veezione-photography.com\/wp-content\/uploads\/2022\/09\/2022-07-24_jn_baden_007_\u00a9veezione-1536x1191.jpg 1536w, https:\/\/veezione-photography.com\/wp-content\/uploads\/2022\/09\/2022-07-24_jn_baden_007_\u00a9veezione-2048x1588.jpg 2048w\" sizes=\"auto, (max-width: 2560px) 100vw, 2560px\" \/>\n                      <div class=\"h-image__frame h-hide-lg h-hide-md h-hide-sm style-209-frameImage style-local-34-c9-frameImage\"><\/div>\n                    <\/div>\n                  <\/div>\n                <\/div>\n              <\/div>\n            <\/div>\n          <\/div>\n        <\/div>\n      <\/div>\n    <\/div>\n  <\/div>\n  <div data-colibri-component=\"section\" data-colibri-id=\"34-c10\" id=\"cta\" class=\"h-section h-section-global-spacing d-flex align-items-lg-center align-items-md-center align-items-center style-284 style-local-34-c10 position-relative\">\n    <div class=\"background-wrapper\">\n      <div class=\"background-layer background-layer-media-container-lg\">\n        <div data-enabled=\"true\" data-colibri-component=\"parallax\" class=\"background-layer paraxify\" model-id=\"34-c10\" media=\"desktop\" is-preview=\"true\" style=\"background-image: url(&quot;http:\/\/veezione-photography.com\/wp-content\/uploads\/2022\/10\/cropped-2022-07-24_bonus_baden_001_\u00a9veezione-scaled-1.jpg&quot;);\"><\/div>\n        <div class=\"overlay-layer\">\n          <div class=\"overlay-image-layer\" style=\"background-color: rgb(0, 0, 0); opacity: 0.6;\"><\/div>\n        <\/div>\n      <\/div>\n      <div class=\"background-layer background-layer-media-container-md\">\n        <div data-enabled=\"true\" data-colibri-component=\"parallax\" class=\"background-layer paraxify\" model-id=\"34-c10\" media=\"tablet\" is-preview=\"true\" style=\"background-image: url(&quot;http:\/\/veezione-photography.com\/wp-content\/uploads\/2022\/10\/cropped-2022-07-24_bonus_baden_001_\u00a9veezione-scaled-1.jpg&quot;);\"><\/div>\n        <div class=\"overlay-layer\">\n          <div class=\"overlay-image-layer\" style=\"background-color: rgb(0, 0, 0); opacity: 0.6;\"><\/div>\n        <\/div>\n      <\/div>\n      <div class=\"background-layer background-layer-media-container\">\n        <div data-enabled=\"true\" data-colibri-component=\"parallax\" class=\"background-layer paraxify\" model-id=\"34-c10\" media=\"mobile\" is-preview=\"true\" style=\"background-image: url(&quot;http:\/\/veezione-photography.com\/wp-content\/uploads\/2022\/10\/cropped-2022-07-24_bonus_baden_001_\u00a9veezione-scaled-1.jpg&quot;);\"><\/div>\n        <div class=\"overlay-layer\">\n          <div class=\"overlay-image-layer\" style=\"background-color: rgb(0, 0, 0); opacity: 0.6;\"><\/div>\n        <\/div>\n      <\/div>\n    <\/div>\n    <!---->\n    <div class=\"h-section-grid-container h-section-boxed-container\">\n      <!---->\n      <div data-colibri-id=\"34-c11\" class=\"h-row-container gutters-row-lg-3 gutters-row-md-3 gutters-row-2 gutters-row-v-lg-3 gutters-row-v-md-3 gutters-row-v-3 style-285 style-local-34-c11 position-relative\">\n        <!---->\n        <div class=\"h-row justify-content-lg-center justify-content-md-center justify-content-center align-items-lg-stretch align-items-md-stretch align-items-stretch gutters-col-lg-3 gutters-col-md-3 gutters-col-2 gutters-col-v-lg-3 gutters-col-v-md-3 gutters-col-v-3\">\n          <!---->\n          <div class=\"h-column h-column-container d-flex h-col-lg h-col-md-auto h-col-auto style-286-outer style-local-34-c12-outer\">\n            <div data-colibri-id=\"34-c12\" class=\"d-flex h-flex-basis h-column__inner h-ui-empty-state-container h-px-lg-0 h-px-md-0 h-px-2 v-inner-lg-0 v-inner-md-0 v-inner-2 style-286 style-local-34-c12 position-relative\">\n              <!---->\n              <!---->\n              <div class=\"w-100 h-y-container h-column__content h-column__v-align flex-basis-100\">\n                <!---->\n              <\/div>\n            <\/div>\n          <\/div>\n        <\/div>\n      <\/div>\n    <\/div>\n  <\/div>\n  <div data-colibri-component=\"section\" data-colibri-id=\"34-c13\" id=\"content\" class=\"h-section h-section-global-spacing d-flex align-items-lg-center align-items-md-center align-items-center style-363 style-local-34-c13 position-relative\">\n    <!---->\n    <!---->\n    <div class=\"h-section-grid-container h-section-boxed-container\">\n      <!---->\n      <div data-colibri-id=\"34-c14\" class=\"h-row-container gutters-row-lg-2 gutters-row-md-2 gutters-row-2 gutters-row-v-lg-2 gutters-row-v-md-2 gutters-row-v-2 style-364 style-local-34-c14 position-relative\">\n        <!---->\n        <div class=\"h-row justify-content-lg-center justify-content-md-center justify-content-center align-items-lg-stretch align-items-md-stretch align-items-stretch gutters-col-lg-2 gutters-col-md-2 gutters-col-2 gutters-col-v-lg-2 gutters-col-v-md-2 gutters-col-v-2\">\n          <!---->\n          <div class=\"h-column h-column-container d-flex h-col-lg-auto h-col-md-auto h-col-auto style-365-outer style-local-34-c15-outer\">\n            <div data-colibri-id=\"34-c15\" class=\"d-flex h-flex-basis h-column__inner h-px-lg-0 h-px-md-2 h-px-0 v-inner-lg-0 v-inner-md-2 v-inner-0 style-365 style-local-34-c15 position-relative\">\n              <!---->\n              <!---->\n              <div class=\"w-100 h-y-container h-column__content h-column__v-align flex-basis-100 align-self-lg-center align-self-md-center align-self-center\">\n                <!---->\n                <div data-colibri-id=\"34-c16\" class=\"d-block style-366 style-local-34-c16 position-relative h-element\">\n                  <!---->\n                  <div class=\"h-image__frame-container-outer\">\n                    <div class=\"h-image__frame-container\">\n                      <!---->\n                      <!---->\n                      <img loading=\"lazy\" decoding=\"async\" width=\"1707\" height=\"1707\" src=\"http:\/\/veezione-photography.com\/wp-content\/uploads\/2022\/10\/cropped-2022-09-06_veezione_010_\u00a9veezione-scaled-1.jpg\" class=\"wp-image-525 style-366-image style-local-34-c16-image\" alt=\"\" srcset=\"https:\/\/veezione-photography.com\/wp-content\/uploads\/2022\/10\/cropped-2022-09-06_veezione_010_\u00a9veezione-scaled-1.jpg 1707w, https:\/\/veezione-photography.com\/wp-content\/uploads\/2022\/10\/cropped-2022-09-06_veezione_010_\u00a9veezione-scaled-1-300x300.jpg 300w, https:\/\/veezione-photography.com\/wp-content\/uploads\/2022\/10\/cropped-2022-09-06_veezione_010_\u00a9veezione-scaled-1-1024x1024.jpg 1024w, https:\/\/veezione-photography.com\/wp-content\/uploads\/2022\/10\/cropped-2022-09-06_veezione_010_\u00a9veezione-scaled-1-150x150.jpg 150w, https:\/\/veezione-photography.com\/wp-content\/uploads\/2022\/10\/cropped-2022-09-06_veezione_010_\u00a9veezione-scaled-1-768x768.jpg 768w, https:\/\/veezione-photography.com\/wp-content\/uploads\/2022\/10\/cropped-2022-09-06_veezione_010_\u00a9veezione-scaled-1-1536x1536.jpg 1536w\" sizes=\"auto, (max-width: 1707px) 100vw, 1707px\" \/>\n                      <div class=\"h-image__frame h-hide-lg h-hide-md h-hide-sm style-366-frameImage style-local-34-c16-frameImage\"><\/div>\n                    <\/div>\n                  <\/div>\n                <\/div>\n              <\/div>\n            <\/div>\n          <\/div>\n          <div class=\"h-column h-column-container d-flex h-col-lg-auto h-col-md-auto h-col-auto style-367-outer style-local-34-c17-outer\">\n            <div data-colibri-id=\"34-c17\" class=\"d-flex h-flex-basis h-column__inner h-px-lg-0 h-px-md-0 h-px-2 v-inner-lg-0 v-inner-md-0 v-inner-2 style-367 style-local-34-c17 position-relative\">\n              <!---->\n              <!---->\n              <div class=\"w-100 h-y-container h-column__content h-column__v-align flex-basis-100 align-self-lg-center align-self-md-center align-self-center\">\n                <!---->\n                <div data-colibri-id=\"34-c18\" class=\"h-global-transition-all h-heading style-368 style-local-34-c18 position-relative h-element\">\n                  <!---->\n                  <div class=\"h-heading__outer style-368 style-local-34-c18\">\n                    <!---->\n                    <!---->\n                    <h3 class=\"\">Contactez-moi !<\/h3>\n                  <\/div>\n                <\/div>\n                <div data-colibri-id=\"34-c19\" class=\"icon-list d-flex justify-content-lg-start justify-content-md-start justify-content-center style-333 style-local-34-c19 position-relative h-element\">\n                  <!---->\n                  <ul class=\"ul-list-icon vertical-on-desktop vertical-on-tablet vertical-on-mobile justify-content-lg-start justify-content-md-start justify-content-center\">\n                    <!---->\n                    <li class=\"list-item no-gutters\">\n                      <!---->\n                      <div class=\"list-container-divider d-flex justify-content-lg-start justify-content-md-start justify-content-center first-el-spacer\"><\/div>\n                      <a href=\"mailto:veezione.photography@gmail.com\" target=\"_blank\" h-use-smooth-scroll=\"true\" class=\"item-link no-gutters\" rel=\"noopener\">\n                        <div class=\"d-flex h-col no-gutters align-items-lg-center align-items-md-center align-items-center list-item-text-wrapper\">\n                          <div class=\"d-flex\"><span class=\"h-svg-icon style-333-icon style-local-34-c19-icon\"><!--Icon by Icons8 Line Awesome (https:\/\/icons8.com\/line-awesome)--><svg version=\"1.1\" xmlns=\"http:\/\/www.w3.org\/2000\/svg\" xmlns:xlink=\"http:\/\/www.w3.org\/1999\/xlink\" id=\"envelope\" viewBox=\"0 0 512 545.5\"><path d=\"M48 160h416v288H48V160zm69 32l139 92.5L395 192H117zm-37 14v210h352V206L265 317.5l-9 5.5-9-5.5z\"><\/path><\/svg><\/span><\/div>\n                          <span class=\"list-text d-block\"><span>veezione.photography@gmail.com<\/span><\/span>\n                        <\/div>\n                      <\/a>\n                      <div class=\"list-container-divider d-flex justify-content-lg-start justify-content-md-start justify-content-center\">\n                        <!---->\n                      <\/div>\n                    <\/li>\n                    <li class=\"list-item no-gutters\">\n                      <!---->\n                      <!---->\n                      <a href=\"https:\/\/www.instagram.com\/veezione\/\" h-use-smooth-scroll=\"true\" class=\"item-link no-gutters\">\n                        <div class=\"d-flex h-col no-gutters align-items-lg-center align-items-md-center align-items-center list-item-text-wrapper\">\n                          <div class=\"d-flex\"><span class=\"h-svg-icon style-333-icon style-local-34-c19-icon\"><!--Icon by Font Awesome (https:\/\/fontawesome.com)--><svg version=\"1.1\" xmlns=\"http:\/\/www.w3.org\/2000\/svg\" xmlns:xlink=\"http:\/\/www.w3.org\/1999\/xlink\" id=\"instagram\" viewBox=\"0 0 1536 1896.0833\"><path d=\"M1024 896q0-106-75-181t-181-75-181 75-75 181 75 181 181 75 181-75 75-181zm138 0q0 164-115 279t-279 115-279-115-115-279 115-279 279-115 279 115 115 279zm108-410q0 38-27 65t-65 27-65-27-27-65 27-65 65-27 65 27 27 65zM768 266q-7 0-76.5-.5t-105.5 0-96.5 3-103 10T315 297q-50 20-88 58t-58 88q-11 29-18.5 71.5t-10 103-3 96.5 0 105.5.5 76.5-.5 76.5 0 105.5 3 96.5 10 103T169 1349q20 50 58 88t88 58q29 11 71.5 18.5t103 10 96.5 3 105.5 0 76.5-.5 76.5.5 105.5 0 96.5-3 103-10 71.5-18.5q50-20 88-58t58-88q11-29 18.5-71.5t10-103 3-96.5 0-105.5-.5-76.5.5-76.5 0-105.5-3-96.5-10-103T1367 443q-20-50-58-88t-88-58q-29-11-71.5-18.5t-103-10-96.5-3-105.5 0-76.5.5zm768 630q0 229-5 317-10 208-124 322t-322 124q-88 5-317 5t-317-5q-208-10-322-124T5 1213q-5-88-5-317t5-317q10-208 124-322t322-124q88-5 317-5t317 5q208 10 322 124t124 322q5 88 5 317z\"><\/path><\/svg><\/span><\/div>\n                          <span class=\"list-text d-block\"><span>@veezione<\/span><\/span>\n                        <\/div>\n                      <\/a>\n                      <div class=\"list-container-divider d-flex justify-content-lg-start justify-content-md-start justify-content-center\" style=\"display: none;\">\n                        <!---->\n                      <\/div>\n                      <div class=\"list-container-divider d-flex justify-content-lg-start justify-content-md-start justify-content-center last-el-spacer\"><\/div>\n                    <\/li>\n                  <\/ul>\n                <\/div>\n              <\/div>\n            <\/div>\n          <\/div>\n        <\/div>\n      <\/div>\n    <\/div>\n  <\/div>\n<\/div>","protected":false},"excerpt":{"rendered":"<p>Qui suis-je ? Un motard passionn\u00e9 La moto&#8230; la regarder&#8230; m&rsquo;a pouss\u00e9 \u00e0 faire d&rsquo;un hobby une profession. Un jour, je me suis dit \u00ab\u00a0ce serait parfait d&rsquo;avoir de belles photos de ma moto\u00a0\u00bb. J&rsquo;ai toujours aim\u00e9 prendre des photos de personnes, de paysages ou m\u00eame d&rsquo;objets anodins. J&rsquo;ai l&rsquo;oeil pour admirer la beaut\u00e9 des [&hellip;]<\/p>\n","protected":false},"author":1,"featured_media":0,"parent":0,"menu_order":0,"comment_status":"closed","ping_status":"closed","template":"page-templates\/homepage.php","meta":{"footnotes":""},"class_list":["post-34","page","type-page","status-publish","hentry"],"_links":{"self":[{"href":"https:\/\/veezione-photography.com\/index.php\/wp-json\/wp\/v2\/pages\/34","targetHints":{"allow":["GET"]}}],"collection":[{"href":"https:\/\/veezione-photography.com\/index.php\/wp-json\/wp\/v2\/pages"}],"about":[{"href":"https:\/\/veezione-photography.com\/index.php\/wp-json\/wp\/v2\/types\/page"}],"author":[{"embeddable":true,"href":"https:\/\/veezione-photography.com\/index.php\/wp-json\/wp\/v2\/users\/1"}],"replies":[{"embeddable":true,"href":"https:\/\/veezione-photography.com\/index.php\/wp-json\/wp\/v2\/comments?post=34"}],"version-history":[{"count":20,"href":"https:\/\/veezione-photography.com\/index.php\/wp-json\/wp\/v2\/pages\/34\/revisions"}],"predecessor-version":[{"id":978,"href":"https:\/\/veezione-photography.com\/index.php\/wp-json\/wp\/v2\/pages\/34\/revisions\/978"}],"wp:attachment":[{"href":"https:\/\/veezione-photography.com\/index.php\/wp-json\/wp\/v2\/media?parent=34"}],"curies":[{"name":"wp","href":"https:\/\/api.w.org\/{rel}","templated":true}]}}